{"id":574,"date":"2024-05-10T08:17:41","date_gmt":"2024-05-10T06:17:41","guid":{"rendered":"https:\/\/yogaandoils.de\/?page_id=574"},"modified":"2026-03-03T14:26:33","modified_gmt":"2026-03-03T13:26:33","slug":"kunst-postkarten","status":"publish","type":"page","link":"https:\/\/yogaandoils.de\/index.php\/kunst-postkarten\/","title":{"rendered":"Kunst"},"content":{"rendered":"\n<p>Auf etsy in meinem Shop <strong>SinaScottDesign<\/strong> findest du meine besonders nachhaltigen und k\u00fcnstlerischen Postkarten mit Urlaubs- und floralen Motiven.<\/p>\n\n\n\n<p>Die Motive haben mich alle pers\u00f6nlich inspiriert. Das Motiv &#8216;from the heart&#8217; liegt mir dabei besonders am Herzen, da ich es \u00fcber ca. 1,5 Jahre entwickelt habe und es eine tiefere Bedeutung f\u00fcr mich hat: Es steht f\u00fcr das, was aus dem reinsten Herzen kommt und darauf mehr den Fokus zu legen. Im Gegensatz zum Verstand, zum Rationalen. <\/p>\n\n\n\n<p>Die Postkarten sind besonders nachhaltig, da sie zu <strong>100% aus Recyclingpapier<\/strong> bestehen, das <strong>Blauer Engel Zeichen<\/strong> besitzen sowie mit umweltfreundlicher Farbe bei der Printzipia Druckerei in W\u00fcrzburg gedruckt worden sind. Der Umschlag besteht zu <strong>100% aus Graspapier<\/strong>.<\/p>\n\n\n\n<p>Schaue gern in meinem Etsy Shop vorbei: <a href=\"https:\/\/www.etsy.com\/de\/shop\/SinaScottDesign?ref=simple-shop-header-name&amp;listing_id=1212057737&amp;load_webview=1&amp;bid=rR6HeoZvMLnxPk2od3-YET9Ya3pf\">KLICK HIER<\/a><\/p>\n\n\n\n<p><img loading=\"lazy\" decoding=\"async\" width=\"170\" height=\"128\" class=\"wp-image-578\" style=\"width: 170px;\" src=\"http:\/\/yogaandoils.de\/wp-content\/uploads\/2024\/05\/il_fullxfull.3801863600_66pj.jpg\" alt=\"\" srcset=\"https:\/\/yogaandoils.de\/wp-content\/uploads\/2024\/05\/il_fullxfull.3801863600_66pj.jpg 992w, https:\/\/yogaandoils.de\/wp-content\/uploads\/2024\/05\/il_fullxfull.3801863600_66pj-300x225.jpg 300w, https:\/\/yogaandoils.de\/wp-content\/uploads\/2024\/05\/il_fullxfull.3801863600_66pj-768x576.jpg 768w\" sizes=\"auto, (max-width: 170px) 100vw, 170px\" \/> <img loading=\"lazy\" decoding=\"async\" width=\"170\" height=\"219\" class=\"wp-image-580\" style=\"width: 170px;\" src=\"http:\/\/yogaandoils.de\/wp-content\/uploads\/2024\/05\/il_794xN.3799192262_3w5z.jpg\" alt=\"\" srcset=\"https:\/\/yogaandoils.de\/wp-content\/uploads\/2024\/05\/il_794xN.3799192262_3w5z.jpg 794w, https:\/\/yogaandoils.de\/wp-content\/uploads\/2024\/05\/il_794xN.3799192262_3w5z-233x300.jpg 233w, https:\/\/yogaandoils.de\/wp-content\/uploads\/2024\/05\/il_794xN.3799192262_3w5z-768x988.jpg 768w\" sizes=\"auto, (max-width: 170px) 100vw, 170px\" \/>. <img loading=\"lazy\" decoding=\"async\" width=\"170\" height=\"212\" class=\"wp-image-581\" style=\"width: 170px;\" src=\"http:\/\/yogaandoils.de\/wp-content\/uploads\/2024\/05\/IMG_20231108_081015_927.webp\" alt=\"\" srcset=\"https:\/\/yogaandoils.de\/wp-content\/uploads\/2024\/05\/IMG_20231108_081015_927.webp 794w, https:\/\/yogaandoils.de\/wp-content\/uploads\/2024\/05\/IMG_20231108_081015_927-240x300.webp 240w, https:\/\/yogaandoils.de\/wp-content\/uploads\/2024\/05\/IMG_20231108_081015_927-768x960.webp 768w\" sizes=\"auto, (max-width: 170px) 100vw, 170px\" \/>  <\/p>\n\n\n\n<p><\/p>\n","protected":false},"excerpt":{"rendered":"<p>Auf etsy in meinem Shop SinaScottDesign findest du meine besonders nachhaltigen und k\u00fcnstlerischen Postkarten mit Urlaubs- und floralen Motiven. Die Motive haben mich alle pers\u00f6nlich inspiriert. Das Motiv &#8216;from the heart&#8217; liegt mir dabei besonders am Herzen, da ich es \u00fcber ca. 1,5 Jahre entwickelt habe und es eine tiefere Bedeutung f\u00fcr mich hat: Es [&hellip;]<\/p>\n","protected":false},"author":1,"featured_media":0,"parent":0,"menu_order":0,"comment_status":"closed","ping_status":"closed","template":"","meta":{"_monsterinsights_skip_tracking":false,"_monsterinsights_sitenote_active":false,"_monsterinsights_sitenote_note":"","_monsterinsights_sitenote_category":0,"footnotes":""},"class_list":["post-574","page","type-page","status-publish","hentry"],"aioseo_notices":[],"_links":{"self":[{"href":"https:\/\/yogaandoils.de\/index.php\/wp-json\/wp\/v2\/pages\/574","targetHints":{"allow":["GET"]}}],"collection":[{"href":"https:\/\/yogaandoils.de\/index.php\/wp-json\/wp\/v2\/pages"}],"about":[{"href":"https:\/\/yogaandoils.de\/index.php\/wp-json\/wp\/v2\/types\/page"}],"author":[{"embeddable":true,"href":"https:\/\/yogaandoils.de\/index.php\/wp-json\/wp\/v2\/users\/1"}],"replies":[{"embeddable":true,"href":"https:\/\/yogaandoils.de\/index.php\/wp-json\/wp\/v2\/comments?post=574"}],"version-history":[{"count":14,"href":"https:\/\/yogaandoils.de\/index.php\/wp-json\/wp\/v2\/pages\/574\/revisions"}],"predecessor-version":[{"id":1205,"href":"https:\/\/yogaandoils.de\/index.php\/wp-json\/wp\/v2\/pages\/574\/revisions\/1205"}],"wp:attachment":[{"href":"https:\/\/yogaandoils.de\/index.php\/wp-json\/wp\/v2\/media?parent=574"}],"curies":[{"name":"wp","href":"https:\/\/api.w.org\/{rel}","templated":true}]}}