{"id":502,"date":"2024-04-09T22:33:30","date_gmt":"2024-04-09T20:33:30","guid":{"rendered":"https:\/\/yogaandoils.de\/?page_id=502"},"modified":"2025-12-28T12:25:45","modified_gmt":"2025-12-28T11:25:45","slug":"agb","status":"publish","type":"page","link":"https:\/\/yogaandoils.de\/index.php\/agb\/","title":{"rendered":"AGB"},"content":{"rendered":"\n<p><strong>Allgemeine Gesch\u00e4ftsbedingungen (AGB) f\u00fcr den zertifizierten Pr\u00e4ventionskurs \u201eHatha Yoga\u201c bei Kursleitung Sina Scott<\/strong><\/p>\n\n\n\n<ul class=\"wp-block-list\">\n<li><strong>Anmeldung<\/strong><br>Die Anmeldung erfolgt schriftlich und ist verbindlich. Die Teilnahme ist erst nach vollst\u00e4ndiger Bezahlung der Kursgeb\u00fchr gesichert. Ist ein Kurs bereits ausgebucht, erhalten Sie eine Mitteilung und werden auf Wunsch auf die Warteliste gesetzt. Sobald ein Platz frei wird, erfolgt eine Benachrichtigung.<\/li>\n<\/ul>\n\n\n\n<ul class=\"wp-block-list\">\n<li><strong>Teilnahmevoraussetzungen<\/strong><br>Die Teilnahme setzt eine normale physische und psychische Belastbarkeit sowie Eigenverantwortung voraus. Bei akuten oder bestehenden k\u00f6rperlichen Beschwerden, Verletzungen oder Erkrankungen wird empfohlen, vor Kursbeginn \u00e4rztlich abzukl\u00e4ren, ob eine Teilnahme m\u00f6glich ist. Bei Vorliegen von schweren behandlungsbed\u00fcrftigen psychischen Erkrankungen ist die Teilnahme an den Ma\u00dfnahmen im Handlungsfeld \u201eStress- und Ressourcenmanagement\u201c mit dem Pr\u00e4ventionsprinzip \u201eF\u00f6rderung von Entspannung und Erholung\u201c ausgeschlossen. Eine Teilnahme nach der Geburt ist erst nach abgeschlossener R\u00fcckbildungsphase m\u00f6glich.<\/li>\n<\/ul>\n\n\n\n<ul class=\"wp-block-list\">\n<li><strong>Kursgeb\u00fchren<\/strong><br>Die Teilnahmegeb\u00fchr ist f\u00fcr die gesamte Kurslaufzeit im Voraus per \u00dcberweisung zu zahlen. Erst mit Zahlungseingang gilt der Platz als verbindlich reserviert.<\/li>\n<\/ul>\n\n\n\n<ul class=\"wp-block-list\">\n<li><strong>Haftung<\/strong><br>Die Teilnahme erfolgt auf eigene Verantwortung. Der\/die Teilnehmende versichert, sich in guter gesundheitlicher Verfassung zu befinden und keine schwerwiegenden Erkrankungen zu haben. Bestehende oder neu auftretende k\u00f6rperliche Einschr\u00e4nkungen sind der Kursleitung vor Beginn der Stunde mitzuteilen.<br>Die Kursleitung haftet im Rahmen der gesetzlichen Vorschriften. Eine Berufshaftpflichtversicherung mit einer Deckungssumme von 5.000.000\u202f\u20ac besteht. Eine Unfallversicherung besteht nicht. Der\/ Die Teilnehmer\/in versichert, sich in guter Gesundheit zu befinden und unter keinen schwerwiegenden Krankheiten zu leiden. Bestimmte k\u00f6rperliche Einschr\u00e4nkungen hat er\/sie der Lehrerin bei der Anmeldung oder \u2013 wenn es sich um ein neues Problem handelt \u2013 vor der Unterrichtseinheit mitgeteilt.<\/li>\n<\/ul>\n\n\n\n<ul class=\"wp-block-list\">\n<li><strong>Kursorganisation<\/strong><br>Der Kurs umfasst eine feste Anzahl an Einheiten. Bei Verhinderung der Kursleitung bem\u00fcht sie sich um eine qualifizierte Vertretung. Ist dies nicht m\u00f6glich, wird der Termin nach Absprache nachgeholt.<br>Vers\u00e4umte Stunden seitens der Teilnehmenden k\u00f6nnen nicht nachgeholt werden. F\u00fcr eine Erstattung durch die Krankenkasse ist eine Teilnahme an <strong>mindestens 80\u202f% der Termine<\/strong> erforderlich. Bitte kl\u00e4ren Sie die Erstattungsf\u00e4higkeit vorab selbstst\u00e4ndig mit Ihrer Krankenkasse.<\/li>\n<\/ul>\n\n\n\n<p><\/p>\n\n\n\n<div class=\"wp-block-columns is-layout-flex wp-container-core-columns-is-layout-28f84493 wp-block-columns-is-layout-flex\">\n<div class=\"wp-block-column is-layout-flow wp-block-column-is-layout-flow\" style=\"flex-basis:100%\">\n<ul class=\"wp-block-list\">\n<li><strong>Vertragsdauer &amp; K\u00fcndigung<\/strong><\/li>\n\n\n\n<li>Der Vertrag endet automatisch mit Ablauf der vereinbarten Kursdauer. Eine K\u00fcndigung ist nicht erforderlich.<\/li>\n<\/ul>\n\n\n\n<p><\/p>\n\n\n\n<ul class=\"wp-block-list\">\n<li><strong>Weitere Hinweise<\/strong><br>Die Kursleitung \u00fcbernimmt keine Haftung f\u00fcr mitgebrachte Wertgegenst\u00e4nde. Die Teilnahme erfolgt auf eigene Verantwortung im Hinblick auf die k\u00f6rperliche und psychische Gesundheit.<\/li>\n<\/ul>\n<\/div>\n<\/div>\n\n\n\n<p><strong><u>Hinweis:<\/u><\/strong><br><strong>Mit Bezahlung der Kursgeb\u00fchr gelten diese AGB als zur Kenntnis genommen. <\/strong>Eine gesonderte Unterschrift ist nicht erforderlich.<\/p>\n","protected":false},"excerpt":{"rendered":"<p>Allgemeine Gesch\u00e4ftsbedingungen (AGB) f\u00fcr den zertifizierten Pr\u00e4ventionskurs \u201eHatha Yoga\u201c bei Kursleitung Sina Scott Hinweis:Mit Bezahlung der Kursgeb\u00fchr gelten diese AGB als zur Kenntnis genommen. Eine gesonderte Unterschrift ist nicht erforderlich.<\/p>\n","protected":false},"author":1,"featured_media":0,"parent":0,"menu_order":0,"comment_status":"closed","ping_status":"closed","template":"","meta":{"_monsterinsights_skip_tracking":false,"_monsterinsights_sitenote_active":false,"_monsterinsights_sitenote_note":"","_monsterinsights_sitenote_category":0,"footnotes":""},"class_list":["post-502","page","type-page","status-publish","hentry"],"aioseo_notices":[],"_links":{"self":[{"href":"https:\/\/yogaandoils.de\/index.php\/wp-json\/wp\/v2\/pages\/502","targetHints":{"allow":["GET"]}}],"collection":[{"href":"https:\/\/yogaandoils.de\/index.php\/wp-json\/wp\/v2\/pages"}],"about":[{"href":"https:\/\/yogaandoils.de\/index.php\/wp-json\/wp\/v2\/types\/page"}],"author":[{"embeddable":true,"href":"https:\/\/yogaandoils.de\/index.php\/wp-json\/wp\/v2\/users\/1"}],"replies":[{"embeddable":true,"href":"https:\/\/yogaandoils.de\/index.php\/wp-json\/wp\/v2\/comments?post=502"}],"version-history":[{"count":18,"href":"https:\/\/yogaandoils.de\/index.php\/wp-json\/wp\/v2\/pages\/502\/revisions"}],"predecessor-version":[{"id":1161,"href":"https:\/\/yogaandoils.de\/index.php\/wp-json\/wp\/v2\/pages\/502\/revisions\/1161"}],"wp:attachment":[{"href":"https:\/\/yogaandoils.de\/index.php\/wp-json\/wp\/v2\/media?parent=502"}],"curies":[{"name":"wp","href":"https:\/\/api.w.org\/{rel}","templated":true}]}}